{"id":6612,"date":"2026-02-20T08:45:57","date_gmt":"2026-02-20T07:45:57","guid":{"rendered":"https:\/\/fsli-group.com\/completed-projects\/"},"modified":"2026-04-11T08:37:54","modified_gmt":"2026-04-11T06:37:54","slug":"completed-projects","status":"publish","type":"page","link":"https:\/\/fsli-group.com\/en\/completed-projects\/","title":{"rendered":"COMPLETED PROJECTS"},"content":{"rendered":"\t\t<div data-elementor-type=\"wp-page\" data-elementor-id=\"6612\" class=\"elementor elementor-6612 elementor-5281\" data-elementor-post-type=\"page\">\n\t\t\t\t<div class=\"elementor-element elementor-element-c7ffb23 e-flex e-con-boxed e-con e-parent\" data-id=\"c7ffb23\" data-element_type=\"container\" data-e-type=\"container\">\n\t\t\t\t\t<div class=\"e-con-inner\">\n\t\t<div class=\"elementor-element elementor-element-1424fa9 e-con-full e-flex e-con e-child\" data-id=\"1424fa9\" data-element_type=\"container\" data-e-type=\"container\" id=\"herocont\">\n\t\t<div class=\"elementor-element elementor-element-e8bde04 e-con-full e-flex e-con e-child\" data-id=\"e8bde04\" data-element_type=\"container\" data-e-type=\"container\">\n\t\t\t\t<div class=\"elementor-element elementor-element-1e879ea animated-slow elementor-hidden-desktop elementor-hidden-tablet elementor-invisible elementor-widget elementor-widget-image\" data-id=\"1e879ea\" data-element_type=\"widget\" data-e-type=\"widget\" data-settings=\"{&quot;motion_fx_motion_fx_mouse&quot;:&quot;yes&quot;,&quot;motion_fx_mouseTrack_effect&quot;:&quot;yes&quot;,&quot;motion_fx_mouseTrack_speed&quot;:{&quot;unit&quot;:&quot;px&quot;,&quot;size&quot;:0.2,&quot;sizes&quot;:[]},&quot;_animation&quot;:&quot;fadeInRight&quot;,&quot;_animation_delay&quot;:0.2,&quot;_animation_mobile&quot;:&quot;fadeInDown&quot;,&quot;motion_fx_mouseTrack_direction&quot;:&quot;negative&quot;}\" data-widget_type=\"image.default\">\n\t\t\t\t<div class=\"elementor-widget-container\">\n\t\t\t\t\t\t\t\t\t\t\t\t\t\t\t<img fetchpriority=\"high\" decoding=\"async\" width=\"739\" height=\"1600\" src=\"https:\/\/fsli-group.com\/wp-content\/uploads\/2026\/03\/rn_image_picker_lib_temp_245e5dbd-4c2e-4854-984d-60ac44798e5f.webp\" class=\"attachment-full size-full wp-image-7295\" alt=\"\" srcset=\"https:\/\/fsli-group.com\/wp-content\/uploads\/2026\/03\/rn_image_picker_lib_temp_245e5dbd-4c2e-4854-984d-60ac44798e5f.webp 739w, https:\/\/fsli-group.com\/wp-content\/uploads\/2026\/03\/rn_image_picker_lib_temp_245e5dbd-4c2e-4854-984d-60ac44798e5f-139x300.webp 139w, https:\/\/fsli-group.com\/wp-content\/uploads\/2026\/03\/rn_image_picker_lib_temp_245e5dbd-4c2e-4854-984d-60ac44798e5f-473x1024.webp 473w, https:\/\/fsli-group.com\/wp-content\/uploads\/2026\/03\/rn_image_picker_lib_temp_245e5dbd-4c2e-4854-984d-60ac44798e5f-709x1536.webp 709w\" sizes=\"(max-width: 739px) 100vw, 739px\" \/>\t\t\t\t\t\t\t\t\t\t\t\t\t\t\t<\/div>\n\t\t\t\t<\/div>\n\t\t\t\t<div class=\"elementor-element elementor-element-a50a83f animated-slow elementor-invisible elementor-widget elementor-widget-heading\" data-id=\"a50a83f\" data-element_type=\"widget\" data-e-type=\"widget\" data-settings=\"{&quot;_animation&quot;:&quot;fadeIn&quot;}\" data-widget_type=\"heading.default\">\n\t\t\t\t<div class=\"elementor-widget-container\">\n\t\t\t\t\t<h2 class=\"elementor-heading-title elementor-size-default\">Concrete solutions. Measurable results.Des r\u00e9sultats mesurables.<\/h2>\t\t\t\t<\/div>\n\t\t\t\t<\/div>\n\t\t\t\t<div class=\"elementor-element elementor-element-4b7038a animated-slow elementor-invisible elementor-widget elementor-widget-text-editor\" data-id=\"4b7038a\" data-element_type=\"widget\" data-e-type=\"widget\" data-settings=\"{&quot;_animation&quot;:&quot;fadeIn&quot;}\" data-widget_type=\"text-editor.default\">\n\t\t\t\t<div class=\"elementor-widget-container\">\n\t\t\t\t\t\t\t\t\t<p data-start=\"256\" data-end=\"411\">We design ambitious digital solutions built around measurable objectives and sustainable performance, such as Wodaabe, a web and mobile application that simplifies the search for accommodation in France for a pleasant stay.<\/p>\t\t\t\t\t\t\t\t<\/div>\n\t\t\t\t<\/div>\n\t\t<div class=\"elementor-element elementor-element-9e49713 e-con-full e-flex e-con e-child\" data-id=\"9e49713\" data-element_type=\"container\" data-e-type=\"container\">\n\t\t<div class=\"elementor-element elementor-element-235fc9a e-con-full e-flex e-con e-child\" data-id=\"235fc9a\" data-element_type=\"container\" data-e-type=\"container\">\n\t\t\t\t<div class=\"elementor-element elementor-element-38fef66 animated-slow elementor-align-left elementor-mobile-align-center elementor-invisible elementor-widget elementor-widget-button\" data-id=\"38fef66\" data-element_type=\"widget\" data-e-type=\"widget\" data-settings=\"{&quot;_animation&quot;:&quot;fadeInUp&quot;}\" data-widget_type=\"button.default\">\n\t\t\t\t<div class=\"elementor-widget-container\">\n\t\t\t\t\t\t\t\t\t<div class=\"elementor-button-wrapper\">\n\t\t\t\t\t<a class=\"elementor-button elementor-button-link elementor-size-sm\" href=\"https:\/\/fsli-group.com\/nous-contacter\/\">\n\t\t\t\t\t\t<span class=\"elementor-button-content-wrapper\">\n\t\t\t\t\t\t\t\t\t<span class=\"elementor-button-text\">Let's talk about your project<\/span>\n\t\t\t\t\t<\/span>\n\t\t\t\t\t<\/a>\n\t\t\t\t<\/div>\n\t\t\t\t\t\t\t\t<\/div>\n\t\t\t\t<\/div>\n\t\t\t\t<div class=\"elementor-element elementor-element-b4fa70b animated-slow elementor-align-left elementor-mobile-align-center elementor-invisible elementor-widget elementor-widget-button\" data-id=\"b4fa70b\" data-element_type=\"widget\" data-e-type=\"widget\" data-settings=\"{&quot;_animation&quot;:&quot;fadeInUp&quot;}\" data-widget_type=\"button.default\">\n\t\t\t\t<div class=\"elementor-widget-container\">\n\t\t\t\t\t\t\t\t\t<div class=\"elementor-button-wrapper\">\n\t\t\t\t\t<a class=\"elementor-button elementor-button-link elementor-size-sm\" href=\"https:\/\/wodaabe-stays.com\/\" target=\"_blank\">\n\t\t\t\t\t\t<span class=\"elementor-button-content-wrapper\">\n\t\t\t\t\t\t\t\t\t<span class=\"elementor-button-text\">Discover Wodaabe<\/span>\n\t\t\t\t\t<\/span>\n\t\t\t\t\t<\/a>\n\t\t\t\t<\/div>\n\t\t\t\t\t\t\t\t<\/div>\n\t\t\t\t<\/div>\n\t\t\t\t<\/div>\n\t\t\t\t<\/div>\n\t\t\t\t<\/div>\n\t\t<div class=\"elementor-element elementor-element-bb0fe8b e-con-full elementor-hidden-mobile e-flex e-con e-child\" data-id=\"bb0fe8b\" data-element_type=\"container\" data-e-type=\"container\">\n\t\t\t\t<div class=\"elementor-element elementor-element-eb7c1cf animated-slow elementor-widget-tablet__width-initial elementor-invisible elementor-widget elementor-widget-image\" data-id=\"eb7c1cf\" data-element_type=\"widget\" data-e-type=\"widget\" data-settings=\"{&quot;motion_fx_motion_fx_mouse&quot;:&quot;yes&quot;,&quot;motion_fx_mouseTrack_effect&quot;:&quot;yes&quot;,&quot;motion_fx_mouseTrack_speed&quot;:{&quot;unit&quot;:&quot;px&quot;,&quot;size&quot;:0.7,&quot;sizes&quot;:[]},&quot;_animation&quot;:&quot;fadeInRight&quot;,&quot;_animation_delay&quot;:0.2}\" data-widget_type=\"image.default\">\n\t\t\t\t<div class=\"elementor-widget-container\">\n\t\t\t\t\t\t\t\t\t\t\t\t\t\t\t<img fetchpriority=\"high\" decoding=\"async\" width=\"739\" height=\"1600\" src=\"https:\/\/fsli-group.com\/wp-content\/uploads\/2026\/03\/rn_image_picker_lib_temp_245e5dbd-4c2e-4854-984d-60ac44798e5f.webp\" class=\"attachment-full size-full wp-image-7295\" alt=\"\" srcset=\"https:\/\/fsli-group.com\/wp-content\/uploads\/2026\/03\/rn_image_picker_lib_temp_245e5dbd-4c2e-4854-984d-60ac44798e5f.webp 739w, https:\/\/fsli-group.com\/wp-content\/uploads\/2026\/03\/rn_image_picker_lib_temp_245e5dbd-4c2e-4854-984d-60ac44798e5f-139x300.webp 139w, https:\/\/fsli-group.com\/wp-content\/uploads\/2026\/03\/rn_image_picker_lib_temp_245e5dbd-4c2e-4854-984d-60ac44798e5f-473x1024.webp 473w, https:\/\/fsli-group.com\/wp-content\/uploads\/2026\/03\/rn_image_picker_lib_temp_245e5dbd-4c2e-4854-984d-60ac44798e5f-709x1536.webp 709w\" sizes=\"(max-width: 739px) 100vw, 739px\" \/>\t\t\t\t\t\t\t\t\t\t\t\t\t\t\t<\/div>\n\t\t\t\t<\/div>\n\t\t\t\t<\/div>\n\t\t\t\t<\/div>\n\t\t\t\t\t<\/div>\n\t\t\t\t<\/div>\n\t\t<div class=\"elementor-element elementor-element-58e8e85 e-flex e-con-boxed e-con e-parent\" data-id=\"58e8e85\" data-element_type=\"container\" data-e-type=\"container\">\n\t\t\t\t\t<div class=\"e-con-inner\">\n\t\t<div class=\"elementor-element elementor-element-09cbc0d e-con-full e-flex e-con e-child\" data-id=\"09cbc0d\" data-element_type=\"container\" data-e-type=\"container\">\n\t\t\t\t<div class=\"elementor-element elementor-element-a63f930 elementor-widget elementor-widget-spacer\" data-id=\"a63f930\" data-element_type=\"widget\" data-e-type=\"widget\" data-widget_type=\"spacer.default\">\n\t\t\t\t<div class=\"elementor-widget-container\">\n\t\t\t\t\t\t\t<div class=\"elementor-spacer\">\n\t\t\t<div class=\"elementor-spacer-inner\"><\/div>\n\t\t<\/div>\n\t\t\t\t\t\t<\/div>\n\t\t\t\t<\/div>\n\t\t\t\t<\/div>\n\t\t\t\t\t<\/div>\n\t\t\t\t<\/div>\n\t\t<div class=\"elementor-element elementor-element-3ca465c e-flex e-con-boxed e-con e-parent\" data-id=\"3ca465c\" data-element_type=\"container\" data-e-type=\"container\">\n\t\t\t\t\t<div class=\"e-con-inner\">\n\t\t<div class=\"elementor-element elementor-element-4b195ba e-con-full e-flex e-con e-child\" data-id=\"4b195ba\" data-element_type=\"container\" data-e-type=\"container\">\n\t\t\t\t<div class=\"elementor-element elementor-element-1ca1571 animated-slow elementor-invisible elementor-widget elementor-widget-heading\" data-id=\"1ca1571\" data-element_type=\"widget\" data-e-type=\"widget\" data-settings=\"{&quot;_animation&quot;:&quot;fadeIn&quot;}\" data-widget_type=\"heading.default\">\n\t\t\t\t<div class=\"elementor-widget-container\">\n\t\t\t\t\t<h2 class=\"elementor-heading-title elementor-size-default\">Completed projects<\/h2>\t\t\t\t<\/div>\n\t\t\t\t<\/div>\n\t\t\t\t<\/div>\n\t\t<div class=\"elementor-element elementor-element-223ce78 e-con-full elementor-hidden-mobile e-flex e-con e-child\" data-id=\"223ce78\" data-element_type=\"container\" data-e-type=\"container\">\n\t\t\t\t<\/div>\n\t\t\t\t\t<\/div>\n\t\t\t\t<\/div>\n\t\t<div class=\"elementor-element elementor-element-d46fd75 e-flex e-con-boxed e-con e-parent\" data-id=\"d46fd75\" data-element_type=\"container\" data-e-type=\"container\">\n\t\t\t\t\t<div class=\"e-con-inner\">\n\t\t\t\t<div class=\"elementor-element elementor-element-4d756f4 e-n-tabs-none elementor-widget elementor-widget-n-tabs\" data-id=\"4d756f4\" data-element_type=\"widget\" data-e-type=\"widget\" data-settings=\"{&quot;tabs_justify_horizontal&quot;:&quot;start&quot;,&quot;horizontal_scroll_mobile&quot;:&quot;enable&quot;,&quot;horizontal_scroll&quot;:&quot;disable&quot;}\" data-widget_type=\"nested-tabs.default\">\n\t\t\t\t<div class=\"elementor-widget-container\">\n\t\t\t\t\t\t\t<div class=\"e-n-tabs\" data-widget-number=\"81221364\" aria-label=\"Onglets. Ouvrez des \u00e9l\u00e9ments avec Entrer ou Espace, fermez-les avec Echape et naviguez \u00e0 l&#039;aide des touches fl\u00e9ch\u00e9es.\">\n\t\t\t<div class=\"e-n-tabs-heading\" role=\"tablist\">\n\t\t\t\t\t<button id=\"e-n-tab-title-812213641\" data-tab-title-id=\"e-n-tab-title-812213641\" class=\"e-n-tab-title\" aria-selected=\"true\" data-tab-index=\"1\" role=\"tab\" tabindex=\"0\" aria-controls=\"e-n-tab-content-812213641\" style=\"--n-tabs-title-order: 1;\">\n\t\t\t\t\t\t<span class=\"e-n-tab-title-text\">\n\t\t\t\tWebsite\t\t\t<\/span>\n\t\t<\/button>\n\t\t\t\t<button id=\"e-n-tab-title-812213642\" data-tab-title-id=\"e-n-tab-title-812213642\" class=\"e-n-tab-title\" aria-selected=\"false\" data-tab-index=\"2\" role=\"tab\" tabindex=\"-1\" aria-controls=\"e-n-tab-content-812213642\" style=\"--n-tabs-title-order: 2;\">\n\t\t\t\t\t\t<span class=\"e-n-tab-title-text\">\n\t\t\t\tWeb applications\t\t\t<\/span>\n\t\t<\/button>\n\t\t\t\t<button id=\"e-n-tab-title-812213643\" data-tab-title-id=\"e-n-tab-title-812213643\" class=\"e-n-tab-title\" aria-selected=\"false\" data-tab-index=\"3\" role=\"tab\" tabindex=\"-1\" aria-controls=\"e-n-tab-content-812213643\" style=\"--n-tabs-title-order: 3;\">\n\t\t\t\t\t\t<span class=\"e-n-tab-title-text\">\n\t\t\t\tMobile Applications\t\t\t<\/span>\n\t\t<\/button>\n\t\t\t\t<button id=\"e-n-tab-title-812213644\" data-tab-title-id=\"e-n-tab-title-812213644\" class=\"e-n-tab-title\" aria-selected=\"false\" data-tab-index=\"4\" role=\"tab\" tabindex=\"-1\" aria-controls=\"e-n-tab-content-812213644\" style=\"--n-tabs-title-order: 4;\">\n\t\t\t\t\t\t<span class=\"e-n-tab-title-text\">\n\t\t\t\tUI\/UX Design\t\t\t<\/span>\n\t\t<\/button>\n\t\t\t\t<button id=\"e-n-tab-title-812213645\" data-tab-title-id=\"e-n-tab-title-812213645\" class=\"e-n-tab-title\" aria-selected=\"false\" data-tab-index=\"5\" role=\"tab\" tabindex=\"-1\" aria-controls=\"e-n-tab-content-812213645\" style=\"--n-tabs-title-order: 5;\">\n\t\t\t\t\t\t<span class=\"e-n-tab-title-text\">\n\t\t\t\tGraphics Design\t\t\t<\/span>\n\t\t<\/button>\n\t\t\t\t<button id=\"e-n-tab-title-812213646\" data-tab-title-id=\"e-n-tab-title-812213646\" class=\"e-n-tab-title\" aria-selected=\"false\" data-tab-index=\"6\" role=\"tab\" tabindex=\"-1\" aria-controls=\"e-n-tab-content-812213646\" style=\"--n-tabs-title-order: 6;\">\n\t\t\t\t\t\t<span class=\"e-n-tab-title-text\">\n\t\t\t\tVideo Editing\t\t\t<\/span>\n\t\t<\/button>\n\t\t\t\t\t<\/div>\n\t\t\t<div class=\"e-n-tabs-content\">\n\t\t\t\t<div id=\"e-n-tab-content-812213641\" role=\"tabpanel\" aria-labelledby=\"e-n-tab-title-812213641\" data-tab-index=\"1\" style=\"--n-tabs-title-order: 1;\" class=\"e-active elementor-element elementor-element-6831b3c e-con-full e-flex e-con e-child\" data-id=\"6831b3c\" data-element_type=\"container\" data-e-type=\"container\">\n\t\t\t\t<\/div>\n\t\t<div id=\"e-n-tab-content-812213642\" role=\"tabpanel\" aria-labelledby=\"e-n-tab-title-812213642\" data-tab-index=\"2\" style=\"--n-tabs-title-order: 2;\" class=\" elementor-element elementor-element-5157bf7 e-con-full e-flex e-con e-child\" data-id=\"5157bf7\" data-element_type=\"container\" data-e-type=\"container\">\n\t\t\t\t<\/div>\n\t\t<div id=\"e-n-tab-content-812213643\" role=\"tabpanel\" aria-labelledby=\"e-n-tab-title-812213643\" data-tab-index=\"3\" style=\"--n-tabs-title-order: 3;\" class=\" elementor-element elementor-element-193e9b6 e-con-full e-flex e-con e-child\" data-id=\"193e9b6\" data-element_type=\"container\" data-e-type=\"container\">\n\t\t\t\t<\/div>\n\t\t<div id=\"e-n-tab-content-812213644\" role=\"tabpanel\" aria-labelledby=\"e-n-tab-title-812213644\" data-tab-index=\"4\" style=\"--n-tabs-title-order: 4;\" class=\" elementor-element elementor-element-4336173 e-con-full e-flex e-con e-child\" data-id=\"4336173\" data-element_type=\"container\" data-e-type=\"container\">\n\t\t\t\t<\/div>\n\t\t<div id=\"e-n-tab-content-812213645\" role=\"tabpanel\" aria-labelledby=\"e-n-tab-title-812213645\" data-tab-index=\"5\" style=\"--n-tabs-title-order: 5;\" class=\" elementor-element elementor-element-72a769c e-con-full e-flex e-con e-child\" data-id=\"72a769c\" data-element_type=\"container\" data-e-type=\"container\">\n\t\t\t\t<\/div>\n\t\t<div id=\"e-n-tab-content-812213646\" role=\"tabpanel\" aria-labelledby=\"e-n-tab-title-812213646\" data-tab-index=\"6\" style=\"--n-tabs-title-order: 6;\" class=\" elementor-element elementor-element-f53cdba e-con-full e-flex e-con e-child\" data-id=\"f53cdba\" data-element_type=\"container\" data-e-type=\"container\">\n\t\t\t\t<\/div>\n\t\t\t\t\t<\/div>\n\t\t<\/div>\n\t\t\t\t\t\t<\/div>\n\t\t\t\t<\/div>\n\t\t\t\t<div class=\"elementor-element elementor-element-8d7d8e2 elementor-widget elementor-widget-spacer\" data-id=\"8d7d8e2\" data-element_type=\"widget\" data-e-type=\"widget\" data-widget_type=\"spacer.default\">\n\t\t\t\t<div class=\"elementor-widget-container\">\n\t\t\t\t\t\t\t<div class=\"elementor-spacer\">\n\t\t\t<div class=\"elementor-spacer-inner\"><\/div>\n\t\t<\/div>\n\t\t\t\t\t\t<\/div>\n\t\t\t\t<\/div>\n\t\t\t\t\t<\/div>\n\t\t\t\t<\/div>\n\t\t<div class=\"elementor-element elementor-element-f401d50 e-flex e-con-boxed e-con e-parent\" data-id=\"f401d50\" data-element_type=\"container\" data-e-type=\"container\">\n\t\t\t\t\t<div class=\"e-con-inner\">\n\t\t<div class=\"elementor-element elementor-element-ef90d9d e-con-full e-flex e-con e-child\" data-id=\"ef90d9d\" data-element_type=\"container\" data-e-type=\"container\">\n\t\t\t\t<div class=\"elementor-element elementor-element-fe8ab1f elementor-widget elementor-widget-spacer\" data-id=\"fe8ab1f\" data-element_type=\"widget\" data-e-type=\"widget\" data-widget_type=\"spacer.default\">\n\t\t\t\t<div class=\"elementor-widget-container\">\n\t\t\t\t\t\t\t<div class=\"elementor-spacer\">\n\t\t\t<div class=\"elementor-spacer-inner\"><\/div>\n\t\t<\/div>\n\t\t\t\t\t\t<\/div>\n\t\t\t\t<\/div>\n\t\t\t\t<\/div>\n\t\t\t\t\t<\/div>\n\t\t\t\t<\/div>\n\t\t\t\t<\/div>\n\t\t","protected":false},"excerpt":{"rendered":"<p>Concrete solutions. Measurable results.Des r\u00e9sultats mesurables. We design ambitious digital solutions built around measurable objectives and sustainable performance, such as Wodaabe, a web and mobile application that simplifies the search for accommodation in France for a pleasant stay. Let&#8217;s talk about your project Discover Wodaabe Completed projects Website Web applications Mobile Applications UI\/UX Design Graphics [&hellip;]<\/p>\n","protected":false},"author":7,"featured_media":0,"parent":0,"menu_order":0,"comment_status":"closed","ping_status":"closed","template":"elementor_header_footer","meta":{"footnotes":""},"class_list":["post-6612","page","type-page","status-publish","hentry"],"blocksy_meta":[],"aioseo_notices":[],"_links":{"self":[{"href":"https:\/\/fsli-group.com\/en\/wp-json\/wp\/v2\/pages\/6612","targetHints":{"allow":["GET"]}}],"collection":[{"href":"https:\/\/fsli-group.com\/en\/wp-json\/wp\/v2\/pages"}],"about":[{"href":"https:\/\/fsli-group.com\/en\/wp-json\/wp\/v2\/types\/page"}],"author":[{"embeddable":true,"href":"https:\/\/fsli-group.com\/en\/wp-json\/wp\/v2\/users\/7"}],"replies":[{"embeddable":true,"href":"https:\/\/fsli-group.com\/en\/wp-json\/wp\/v2\/comments?post=6612"}],"version-history":[{"count":6,"href":"https:\/\/fsli-group.com\/en\/wp-json\/wp\/v2\/pages\/6612\/revisions"}],"predecessor-version":[{"id":7778,"href":"https:\/\/fsli-group.com\/en\/wp-json\/wp\/v2\/pages\/6612\/revisions\/7778"}],"wp:attachment":[{"href":"https:\/\/fsli-group.com\/en\/wp-json\/wp\/v2\/media?parent=6612"}],"curies":[{"name":"wp","href":"https:\/\/api.w.org\/{rel}","templated":true}]}}